{"id":5466,"date":"2025-03-31T15:18:59","date_gmt":"2025-03-31T15:18:59","guid":{"rendered":"https:\/\/sporthorseshoes.com\/?post_type=product&#038;p=5466"},"modified":"2025-08-25T13:42:51","modified_gmt":"2025-08-25T13:42:51","slug":"klebeset-zum-nach-kleben-gr-0","status":"publish","type":"product","link":"https:\/\/sporthorseshoes.com\/en\/produkt\/klebeset-zum-nach-kleben-gr-0","title":{"rendered":"Klebeset zum Nachkleben &#8211; Gr. 0"},"content":{"rendered":"<p class=\"\" data-start=\"147\" data-end=\"285\"><strong data-start=\"147\" data-end=\"181\">Zum Nachkleben Ihrer Beschl\u00e4ge<\/strong> bieten wir Ihnen ein praktisches Set bestehend aus 12 Laschen, einer Dose Primer und einem Pinsel an.<\/p>\n<p class=\"\" data-start=\"290\" data-end=\"561\">Um die Pads zu erneuern, erhitzen Sie die alten Laschen vorsichtig mit einem Hei\u00dfluftf\u00f6hn und entfernen Sie die alten Pads von den Kunststofflaschen. Anschlie\u00dfend tragen Sie den Primer erneut auf die gereinigten Laschen auf und kleben die neuen Pads sorgf\u00e4ltig auf.<\/p>\n<p class=\"\" data-start=\"566\" data-end=\"855\"><strong data-start=\"569\" data-end=\"581\">Wichtig:<\/strong> Vermeiden Sie unbedingt den Kontakt mit der Klebefl\u00e4che, insbesondere mit den Fingern, um die Haftung nicht zu beeintr\u00e4chtigen. Achten Sie au\u00dferdem darauf, die Pads <strong data-start=\"747\" data-end=\"792\">luftblasenfrei und gleichm\u00e4\u00dfig anzukleben<\/strong>, damit eine optimale Verbindung zur Kunststofflasche entsteht.<\/p>\n","protected":false},"excerpt":{"rendered":"<p>Klebeset 12-teilig + Primer + Pinsel<\/p>\n","protected":false},"featured_media":5458,"comment_status":"open","ping_status":"closed","template":"","meta":{"_et_pb_use_builder":"","_et_pb_old_content":"","_et_gb_content_width":"","inline_featured_image":false},"product_brand":[],"product_cat":[42],"product_tag":[],"class_list":{"0":"post-5466","1":"product","2":"type-product","3":"status-publish","4":"has-post-thumbnail","6":"product_cat-zubehoer","7":"product_shipping_class-standard","9":"first","10":"instock","11":"taxable","12":"shipping-taxable","13":"purchasable","14":"product-type-simple"},"_links":{"self":[{"href":"https:\/\/sporthorseshoes.com\/en\/wp-json\/wp\/v2\/product\/5466","targetHints":{"allow":["GET"]}}],"collection":[{"href":"https:\/\/sporthorseshoes.com\/en\/wp-json\/wp\/v2\/product"}],"about":[{"href":"https:\/\/sporthorseshoes.com\/en\/wp-json\/wp\/v2\/types\/product"}],"replies":[{"embeddable":true,"href":"https:\/\/sporthorseshoes.com\/en\/wp-json\/wp\/v2\/comments?post=5466"}],"wp:featuredmedia":[{"embeddable":true,"href":"https:\/\/sporthorseshoes.com\/en\/wp-json\/wp\/v2\/media\/5458"}],"wp:attachment":[{"href":"https:\/\/sporthorseshoes.com\/en\/wp-json\/wp\/v2\/media?parent=5466"}],"wp:term":[{"taxonomy":"product_brand","embeddable":true,"href":"https:\/\/sporthorseshoes.com\/en\/wp-json\/wp\/v2\/product_brand?post=5466"},{"taxonomy":"product_cat","embeddable":true,"href":"https:\/\/sporthorseshoes.com\/en\/wp-json\/wp\/v2\/product_cat?post=5466"},{"taxonomy":"product_tag","embeddable":true,"href":"https:\/\/sporthorseshoes.com\/en\/wp-json\/wp\/v2\/product_tag?post=5466"}],"curies":[{"name":"wp","href":"https:\/\/api.w.org\/{rel}","templated":true}]}}